{"id":591,"date":"2025-09-03T06:50:10","date_gmt":"2025-09-03T11:50:10","guid":{"rendered":"https:\/\/epicmtbtours.com\/?page_id=591"},"modified":"2025-11-10T11:54:32","modified_gmt":"2025-11-10T16:54:32","slug":"contact","status":"publish","type":"page","link":"https:\/\/epicmtbtours.com\/es\/contact\/","title":{"rendered":"Contacto"},"content":{"rendered":"<div data-elementor-type=\"wp-page\" data-elementor-id=\"591\" class=\"elementor elementor-591\">\n\t\t\t\t<div class=\"elementor-element elementor-element-5a4e7e1 e-flex e-con-boxed elementor-invisible e-con e-parent\" data-id=\"5a4e7e1\" data-element_type=\"container\" data-settings=\"{&quot;animation&quot;:&quot;fadeInUp&quot;}\">\n\t\t\t\t\t<div class=\"e-con-inner\">\n\t\t<div class=\"elementor-element elementor-element-8406c82 e-con-full e-flex e-con e-child\" data-id=\"8406c82\" data-element_type=\"container\">\n\t\t\t\t<div class=\"elementor-element elementor-element-855ff37 elementor-widget elementor-widget-heading\" data-id=\"855ff37\" data-element_type=\"widget\" data-widget_type=\"heading.default\">\n\t\t\t\t<div class=\"elementor-widget-container\">\n\t\t\t\t\t<h2 class=\"elementor-heading-title elementor-size-default\">P\u00f3ngase En Contacto Con Nosotros<\/h2>\t\t\t\t<\/div>\n\t\t\t\t<\/div>\n\t\t\t\t<div class=\"elementor-element elementor-element-d9443f8 elementor-widget-divider--view-line elementor-widget elementor-widget-divider\" data-id=\"d9443f8\" data-element_type=\"widget\" data-widget_type=\"divider.default\">\n\t\t\t\t<div class=\"elementor-widget-container\">\n\t\t\t\t\t\t\t<div class=\"elementor-divider\">\n\t\t\t<span class=\"elementor-divider-separator\">\n\t\t\t\t\t\t<\/span>\n\t\t<\/div>\n\t\t\t\t\t\t<\/div>\n\t\t\t\t<\/div>\n\t\t\t\t<div class=\"elementor-element elementor-element-58a4dcd elementor-widget elementor-widget-spacer\" data-id=\"58a4dcd\" data-element_type=\"widget\" data-widget_type=\"spacer.default\">\n\t\t\t\t<div class=\"elementor-widget-container\">\n\t\t\t\t\t\t\t<div class=\"elementor-spacer\">\n\t\t\t<div class=\"elementor-spacer-inner\"><\/div>\n\t\t<\/div>\n\t\t\t\t\t\t<\/div>\n\t\t\t\t<\/div>\n\t\t\t\t<div class=\"elementor-element elementor-element-75f0321 elementor-widget elementor-widget-text-editor\" data-id=\"75f0321\" data-element_type=\"widget\" data-widget_type=\"text-editor.default\">\n\t\t\t\t<div class=\"elementor-widget-container\">\n\t\t\t\t\t\t\t\t\t<p><span style=\"white-space-collapse: preserve;\">\u00bfListo para su pr\u00f3xima aventura? En el Epic MTB Tours, estamos aqu\u00ed para ayudarle a planear el tour perfecto, responder a sus preguntas, y aseg\u00farese de tener una experiencia inolvidable.<\/span><\/p><p><span style=\"white-space-collapse: preserve;\">Si usted necesita m\u00e1s detalles acerca de nuestra monta\u00f1a, excursiones en bicicleta, o tiene alguna consulta, no dude en contactarse. Nos apasiona el ciclismo, viaje y aventura, y nos encantar\u00eda ayudarle a organizar su pr\u00f3xima exploraci\u00f3n.<\/span><\/p>\t\t\t\t\t\t\t\t<\/div>\n\t\t\t\t<\/div>\n\t\t\t\t<div class=\"elementor-element elementor-element-41ad6a9 elementor-widget elementor-widget-spacer\" data-id=\"41ad6a9\" data-element_type=\"widget\" data-widget_type=\"spacer.default\">\n\t\t\t\t<div class=\"elementor-widget-container\">\n\t\t\t\t\t\t\t<div class=\"elementor-spacer\">\n\t\t\t<div class=\"elementor-spacer-inner\"><\/div>\n\t\t<\/div>\n\t\t\t\t\t\t<\/div>\n\t\t\t\t<\/div>\n\t\t<div class=\"elementor-element elementor-element-0d0b329 e-con-full e-flex e-con e-child\" data-id=\"0d0b329\" data-element_type=\"container\">\n\t\t<div class=\"elementor-element elementor-element-f3cfbb0 e-con-full e-flex e-con e-child\" data-id=\"f3cfbb0\" data-element_type=\"container\">\n\t\t\t\t<div class=\"elementor-element elementor-element-39cb364 elementor-widget elementor-widget-image\" data-id=\"39cb364\" data-element_type=\"widget\" data-widget_type=\"image.default\">\n\t\t\t\t<div class=\"elementor-widget-container\">\n\t\t\t\t\t\t\t\t\t\t\t\t\t\t\t<img decoding=\"async\" width=\"73\" height=\"73\" src=\"https:\/\/epicmtbtours.com\/wp-content\/uploads\/2025\/09\/icons8_Location_480px-1.svg\" class=\"attachment-large size-large wp-image-596\" alt=\"\" \/>\t\t\t\t\t\t\t\t\t\t\t\t\t\t\t<\/div>\n\t\t\t\t<\/div>\n\t\t\t\t<div class=\"elementor-element elementor-element-eb8d612 elementor-widget elementor-widget-text-editor\" data-id=\"eb8d612\" data-element_type=\"widget\" data-widget_type=\"text-editor.default\">\n\t\t\t\t<div class=\"elementor-widget-container\">\n\t\t\t\t\t\t\t\t\t<p><strong>Ubicaci\u00f3n<\/strong>: Km 8 V\u00eda el Alto de la linea \u2013 Calarc\u00e1, Quind\u00edo<\/p>\t\t\t\t\t\t\t\t<\/div>\n\t\t\t\t<\/div>\n\t\t\t\t<\/div>\n\t\t<div class=\"elementor-element elementor-element-f612b5b e-con-full e-flex e-con e-child\" data-id=\"f612b5b\" data-element_type=\"container\">\n\t\t\t\t<div class=\"elementor-element elementor-element-57688ed elementor-widget elementor-widget-image\" data-id=\"57688ed\" data-element_type=\"widget\" data-widget_type=\"image.default\">\n\t\t\t\t<div class=\"elementor-widget-container\">\n\t\t\t\t\t\t\t\t\t\t\t\t\t\t\t<img decoding=\"async\" width=\"73\" height=\"73\" src=\"https:\/\/epicmtbtours.com\/wp-content\/uploads\/2025\/09\/icons8_phone_480px-1.svg\" class=\"attachment-large size-large wp-image-597\" alt=\"\" \/>\t\t\t\t\t\t\t\t\t\t\t\t\t\t\t<\/div>\n\t\t\t\t<\/div>\n\t\t\t\t<div class=\"elementor-element elementor-element-fc2f24b elementor-widget elementor-widget-text-editor\" data-id=\"fc2f24b\" data-element_type=\"widget\" data-widget_type=\"text-editor.default\">\n\t\t\t\t<div class=\"elementor-widget-container\">\n\t\t\t\t\t\t\t\t\t<p><strong>Tel\u00e9fono \/ Whatsapp<\/strong>: +57 3168304030<\/p>\t\t\t\t\t\t\t\t<\/div>\n\t\t\t\t<\/div>\n\t\t\t\t<\/div>\n\t\t<div class=\"elementor-element elementor-element-cb15581 e-con-full e-flex e-con e-child\" data-id=\"cb15581\" data-element_type=\"container\">\n\t\t\t\t<div class=\"elementor-element elementor-element-7cc0f0d elementor-widget elementor-widget-image\" data-id=\"7cc0f0d\" data-element_type=\"widget\" data-widget_type=\"image.default\">\n\t\t\t\t<div class=\"elementor-widget-container\">\n\t\t\t\t\t\t\t\t\t\t\t\t\t\t\t<img decoding=\"async\" width=\"73\" height=\"73\" src=\"https:\/\/epicmtbtours.com\/wp-content\/uploads\/2025\/09\/icons8_mail_96px-1.svg\" class=\"attachment-large size-large wp-image-598\" alt=\"\" \/>\t\t\t\t\t\t\t\t\t\t\t\t\t\t\t<\/div>\n\t\t\t\t<\/div>\n\t\t\t\t<div class=\"elementor-element elementor-element-96ad944 elementor-widget elementor-widget-text-editor\" data-id=\"96ad944\" data-element_type=\"widget\" data-widget_type=\"text-editor.default\">\n\t\t\t\t<div class=\"elementor-widget-container\">\n\t\t\t\t\t\t\t\t\t<p><strong>Correo electr\u00f3nico<\/strong>: info@epicmtbtours.com<\/p>\t\t\t\t\t\t\t\t<\/div>\n\t\t\t\t<\/div>\n\t\t\t\t<\/div>\n\t\t<div class=\"elementor-element elementor-element-0fc31b2 e-con-full e-flex e-con e-child\" data-id=\"0fc31b2\" data-element_type=\"container\">\n\t\t\t\t<div class=\"elementor-element elementor-element-97acc21 elementor-widget elementor-widget-image\" data-id=\"97acc21\" data-element_type=\"widget\" data-widget_type=\"image.default\">\n\t\t\t\t<div class=\"elementor-widget-container\">\n\t\t\t\t\t\t\t\t\t\t\t\t\t\t\t<img loading=\"lazy\" decoding=\"async\" width=\"80\" height=\"80\" src=\"https:\/\/epicmtbtours.com\/wp-content\/uploads\/2025\/09\/icons8_Instagram_96px-2.svg\" class=\"attachment-large size-large wp-image-599\" alt=\"\" \/>\t\t\t\t\t\t\t\t\t\t\t\t\t\t\t<\/div>\n\t\t\t\t<\/div>\n\t\t\t\t<div class=\"elementor-element elementor-element-2418b77 elementor-widget elementor-widget-text-editor\" data-id=\"2418b77\" data-element_type=\"widget\" data-widget_type=\"text-editor.default\">\n\t\t\t\t<div class=\"elementor-widget-container\">\n\t\t\t\t\t\t\t\t\t<p><strong>Medios De Comunicaci\u00f3n Social<\/strong>: @epic_mtbtours<\/p>\t\t\t\t\t\t\t\t<\/div>\n\t\t\t\t<\/div>\n\t\t\t\t<\/div>\n\t\t\t\t<div class=\"elementor-element elementor-element-04e3d93 elementor-widget elementor-widget-text-editor\" data-id=\"04e3d93\" data-element_type=\"widget\" data-widget_type=\"text-editor.default\">\n\t\t\t\t<div class=\"elementor-widget-container\">\n\t\t\t\t\t\t\t\t\t<p style=\"text-align: center;\">Env\u00edenos un mensaje y prep\u00e1rate para una inolvidable aventura en la monta\u00f1a!<\/p>\t\t\t\t\t\t\t\t<\/div>\n\t\t\t\t<\/div>\n\t\t\t\t<\/div>\n\t\t\t\t<\/div>\n\t\t\t\t\t<\/div>\n\t\t\t\t<\/div>\n\t\t<div class=\"elementor-element elementor-element-0fc3b78 e-flex e-con-boxed e-con e-parent\" data-id=\"0fc3b78\" data-element_type=\"container\">\n\t\t\t\t\t<div class=\"e-con-inner\">\n\t\t\t\t<div class=\"elementor-element elementor-element-797ac15 elementor-widget elementor-widget-spacer\" data-id=\"797ac15\" data-element_type=\"widget\" data-widget_type=\"spacer.default\">\n\t\t\t\t<div class=\"elementor-widget-container\">\n\t\t\t\t\t\t\t<div class=\"elementor-spacer\">\n\t\t\t<div class=\"elementor-spacer-inner\"><\/div>\n\t\t<\/div>\n\t\t\t\t\t\t<\/div>\n\t\t\t\t<\/div>\n\t\t\t\t\t<\/div>\n\t\t\t\t<\/div>\n\t\t\t\t<\/div>","protected":false},"excerpt":{"rendered":"<p>Contact Us \u00bfReady for your next adventure? At Epic MTB Tours, we\u2019re here to help you plan the perfect tour, answer your questions, and ensure you have an unforgettable experience. If you need more details about our mountain biking tours or have any inquiries, don\u2019t hesitate to reach out. We\u2019re passionate about cycling, travel, and [&hellip;]<\/p>","protected":false},"author":1,"featured_media":0,"parent":0,"menu_order":0,"comment_status":"closed","ping_status":"closed","template":"elementor_header_footer","meta":{"footnotes":""},"class_list":["post-591","page","type-page","status-publish","hentry","travel-monster-post","no-post-thumbnail","latest_post"],"jetpack_sharing_enabled":true,"_links":{"self":[{"href":"https:\/\/epicmtbtours.com\/es\/wp-json\/wp\/v2\/pages\/591","targetHints":{"allow":["GET"]}}],"collection":[{"href":"https:\/\/epicmtbtours.com\/es\/wp-json\/wp\/v2\/pages"}],"about":[{"href":"https:\/\/epicmtbtours.com\/es\/wp-json\/wp\/v2\/types\/page"}],"author":[{"embeddable":true,"href":"https:\/\/epicmtbtours.com\/es\/wp-json\/wp\/v2\/users\/1"}],"replies":[{"embeddable":true,"href":"https:\/\/epicmtbtours.com\/es\/wp-json\/wp\/v2\/comments?post=591"}],"version-history":[{"count":19,"href":"https:\/\/epicmtbtours.com\/es\/wp-json\/wp\/v2\/pages\/591\/revisions"}],"predecessor-version":[{"id":862,"href":"https:\/\/epicmtbtours.com\/es\/wp-json\/wp\/v2\/pages\/591\/revisions\/862"}],"wp:attachment":[{"href":"https:\/\/epicmtbtours.com\/es\/wp-json\/wp\/v2\/media?parent=591"}],"curies":[{"name":"wp","href":"https:\/\/api.w.org\/{rel}","templated":true}]}}